{"id":171,"date":"2026-03-20T19:34:20","date_gmt":"2026-03-20T19:34:20","guid":{"rendered":"https:\/\/www.motrain.ch\/?page_id=171"},"modified":"2026-03-20T19:41:06","modified_gmt":"2026-03-20T19:41:06","slug":"memberships-fuer-skiclubs-rlz-nlz","status":"publish","type":"page","link":"https:\/\/www.motrain.ch\/?page_id=171","title":{"rendered":"Memberships f\u00fcr Skiclubs \/ RLZ \/ NLZ"},"content":{"rendered":"\n<section id=\"hero\" class=\"wp-block-group hero\"><div class=\"wp-block-group__inner-container is-layout-flow wp-block-group-is-layout-flow\">\n<div class=\"wp-block-group container\"><div class=\"wp-block-group__inner-container is-layout-constrained wp-block-group-is-layout-constrained\"><div class=\"wp-block-image card mock\">\n<figure class=\"aligncenter size-full\"><img decoding=\"async\" src=\"https:\/\/www.motrain.ch\/wp-content\/uploads\/2026\/03\/Action_WS2223_Kids-65-1024x683.jpg\" alt=\"\" class=\"wp-image-92\"\/><\/figure>\n<\/div>\n\n\n<div class=\"wp-block-group card hero-card\"><div class=\"wp-block-group__inner-container is-layout-constrained wp-block-group-is-layout-constrained\">\n<h2 class=\"wp-block-heading\">Zwei verschiedene Memberships<\/h2>\n\n\n\n<p>Skiclubs, die eine Motrain Membership abschliessen, profitieren von attraktiven Vorteilen f\u00fcr ihr Training. Dazu geh\u00f6ren unter anderem ein priorit\u00e4rer Zugang zur Anlage, Einf\u00fchrung Trainer:innen f\u00fcr ein effizientes Training sowie verg\u00fcnstigte Trainingsstunden. So schafft ihr optimale Bedingungen, um eure Athlet:innen ganzj\u00e4hrig effizient und gezielt weiterzuentwickeln.<\/p>\n<\/div><\/div>\n\n\n\n<hr class=\"hr\">\n\n\n\n<div class=\"wp-block-group card hero-card\"><div class=\"wp-block-group__inner-container is-layout-constrained wp-block-group-is-layout-constrained\">\n<h2 class=\"wp-block-heading\">Membership Basic (Preis CHF 1500.- \/ Jahr).<\/h2>\n\n\n\n<p>Inklusive:<\/p>\n\n\n\n<ul class=\"wp-block-list\">\n<li>10 Trainingsstunden \u00e0 CHF 120.- anstatt CHF 290.-<\/li>\n\n\n\n<li>Ab der 11. Stunde Buchung zum verg\u00fcnstigten Memberpreis CHF 250.-<\/li>\n\n\n\n<li>Slot Buchung ausserhalb der Betriebszeiten m\u00f6glich<\/li>\n\n\n\n<li>Stunden k\u00f6nnen als Einzel- oder\u00a0Doppelstunde genutzt werden<\/li>\n\n\n\n<li>Einf\u00fchrung f\u00fcr Trainer:innen<br>Damit das Optimum aus den Trainings herausgeholt werden kann. \u00dcbungen k\u00f6nnen auf die eigenen Athleten\u00a0angepasst werden.<\/li>\n<\/ul>\n<\/div><\/div>\n\n\n\n<hr class=\"hr\">\n\n\n\n<div class=\"wp-block-group card hero-card\"><div class=\"wp-block-group__inner-container is-layout-constrained wp-block-group-is-layout-constrained\">\n<h2 class=\"wp-block-heading\">Membership Performance (Preis CHF 2500.- \/ Jahr).<\/h2>\n\n\n\n<p>Inklusive:<\/p>\n\n\n\n<ul class=\"wp-block-list\">\n<li>20 Trainingsstunden \u00e0 CHF 120.- anstatt CHF 290.-<\/li>\n\n\n\n<li>Ab der 21. Stunde Buchung zum verg\u00fcnstigten Memberpreis CHF 250.-<\/li>\n\n\n\n<li>fixe w\u00f6chentliche Trainingszeiten (wird zu Jahresbeginn mit allen \u201ePerformance\u201c-Members abgesprochen)<\/li>\n\n\n\n<li>Club-Pr\u00e4senz bei Motrain auf der Website<\/li>\n\n\n\n<li>Stunden k\u00f6nnen als Einzel- oder\u00a0Doppelstunde genutzt werden<\/li>\n\n\n\n<li>Einf\u00fchrung f\u00fcr Trainer:innen<br>Damit das Optimum aus den Trainings herausgeholt werden kann. \u00dcbungen k\u00f6nnen auf die eigenen Athleten\u00a0angepasst werden.<\/li>\n<\/ul>\n<\/div><\/div>\n\n\n\n<hr class=\"hr\">\n\n\n\n<div class=\"wp-block-group card hero-card\"><div class=\"wp-block-group__inner-container is-layout-constrained wp-block-group-is-layout-constrained\">\n<h2 class=\"wp-block-heading\">Warum sich eine Membership bei Motrain lohnt.<\/h2>\n\n\n\n<p><strong>Priorisierter Zugang zum Skiteppich.<\/strong><\/p>\n\n\n\n<p><strong>Administrativ kleinerer Aufwand mit Sammelrechnung anstelle Einzelbuchungen.<\/strong><\/p>\n\n\n\n<p><strong>Effizientes Techniktraining<\/strong><br>Thedy Br\u00e4ndli (Alpin Chef BOSV) \u2013 Drei Gr\u00fcnde f\u00fcr den Skiteppich:<br>Arbeiten an der Grundposition spart ein bis zwei Schneetage.<br>Technische Fehlerbilder k\u00f6nnen \u00fcber Repetitionen herausgearbeitet werden.<br>Mit Athleten, welche aus der Verletzung zur\u00fcckkehren, wieder die nat\u00fcrliche Skibewegung trainieren.<\/p>\n\n\n\n<p><strong>Einf\u00fchrung f\u00fcr Trainer:innen<\/strong><br>Damit das Optimum aus den Trainings herausgeholt werden kann. \u00dcbungen k\u00f6nnen auf die eigenen Athleten\u00a0angepasst werden.<\/p>\n\n\n\n<p><strong>Motrain ersetzt nicht den Berg. Aber Motrain kann helfen, unn\u00f6tige Wege zu vermeiden.<\/strong><\/p>\n<\/div><\/div>\n<\/div><\/div>\n<\/div><\/section>\n\n\n\n<hr class=\"hr\">\n","protected":false},"excerpt":{"rendered":"<p>Zwei verschiedene Memberships Skiclubs, die eine Motrain Membership abschliessen, profitieren von attraktiven Vorteilen f\u00fcr ihr Training. Dazu geh\u00f6ren unter anderem ein priorit\u00e4rer Zugang zur Anlage, Einf\u00fchrung Trainer:innen f\u00fcr ein effizientes Training sowie verg\u00fcnstigte Trainingsstunden. So schafft ihr optimale Bedingungen, um eure Athlet:innen ganzj\u00e4hrig effizient und gezielt weiterzuentwickeln. Membership Basic (Preis CHF 1500.- \/ Jahr). Inklusive: [&hellip;]<\/p>\n","protected":false},"author":1,"featured_media":0,"parent":0,"menu_order":0,"comment_status":"closed","ping_status":"closed","template":"","meta":{"footnotes":""},"class_list":["post-171","page","type-page","status-publish","hentry"],"_links":{"self":[{"href":"https:\/\/www.motrain.ch\/index.php?rest_route=\/wp\/v2\/pages\/171","targetHints":{"allow":["GET"]}}],"collection":[{"href":"https:\/\/www.motrain.ch\/index.php?rest_route=\/wp\/v2\/pages"}],"about":[{"href":"https:\/\/www.motrain.ch\/index.php?rest_route=\/wp\/v2\/types\/page"}],"author":[{"embeddable":true,"href":"https:\/\/www.motrain.ch\/index.php?rest_route=\/wp\/v2\/users\/1"}],"replies":[{"embeddable":true,"href":"https:\/\/www.motrain.ch\/index.php?rest_route=%2Fwp%2Fv2%2Fcomments&post=171"}],"version-history":[{"count":3,"href":"https:\/\/www.motrain.ch\/index.php?rest_route=\/wp\/v2\/pages\/171\/revisions"}],"predecessor-version":[{"id":177,"href":"https:\/\/www.motrain.ch\/index.php?rest_route=\/wp\/v2\/pages\/171\/revisions\/177"}],"wp:attachment":[{"href":"https:\/\/www.motrain.ch\/index.php?rest_route=%2Fwp%2Fv2%2Fmedia&parent=171"}],"curies":[{"name":"wp","href":"https:\/\/api.w.org\/{rel}","templated":true}]}}