{"id":101,"date":"2026-03-02T18:54:20","date_gmt":"2026-03-02T18:54:20","guid":{"rendered":"https:\/\/www.motrain.ch\/?page_id=101"},"modified":"2026-03-02T19:30:52","modified_gmt":"2026-03-02T19:30:52","slug":"standort","status":"publish","type":"page","link":"https:\/\/www.motrain.ch\/?page_id=101","title":{"rendered":"Standort"},"content":{"rendered":"\n<section id=\"hero\" class=\"wp-block-group hero\"><div class=\"wp-block-group__inner-container is-layout-flow wp-block-group-is-layout-flow\">\n<div class=\"wp-block-group container\"><div class=\"wp-block-group__inner-container is-layout-constrained wp-block-group-is-layout-constrained\">\n<figure class=\"wp-block-image size-full card mock\"><img loading=\"lazy\" decoding=\"async\" width=\"949\" height=\"627\" src=\"https:\/\/www.motrain.ch\/wp-content\/uploads\/2026\/03\/Bild-Halle-Ennenda.png\" alt=\"\" class=\"wp-image-102\" srcset=\"https:\/\/www.motrain.ch\/wp-content\/uploads\/2026\/03\/Bild-Halle-Ennenda.png 949w, https:\/\/www.motrain.ch\/wp-content\/uploads\/2026\/03\/Bild-Halle-Ennenda-300x198.png 300w, https:\/\/www.motrain.ch\/wp-content\/uploads\/2026\/03\/Bild-Halle-Ennenda-768x507.png 768w\" sizes=\"auto, (max-width: 949px) 100vw, 949px\" \/><\/figure>\n\n\n\n<div class=\"wp-block-group card hero-card\"><div class=\"wp-block-group__inner-container is-layout-constrained wp-block-group-is-layout-constrained\">\n<h2 class=\"wp-block-heading kicker\">Standort &#8211; zentral gelegen. Optimal erreichbar. Leistungsorientiert konzipiert.<\/h2>\n\n\n\n<p>Mitten in Ennenda (Glarus) entsteht mit Motrain ein einzigartiger Trainingsstandort f\u00fcr den Schneesport in der Deutschschweiz.<\/p>\n\n\n\n<p>Die Lage ist bewusst gew\u00e4hlt: zentral zwischen Z\u00fcrichsee, Z\u00fcrcher Oberland, Schwyz, Graub\u00fcnden und Toggenburg. Dadurch ist die Anlage f\u00fcr zahlreiche Skiclubs, Leistungszentren und ambitionierte Athletinnen und Athleten aus mehreren Regionen schnell und unkompliziert erreichbar.<\/p>\n\n\n\n<iframe src=\"https:\/\/www.google.com\/maps\/embed?pb=!1m18!1m12!1m3!1d320.4960885539327!2d9.075120704134845!3d47.03382081438865!2m3!1f0!2f0!3f0!3m2!1i1024!2i768!4f13.1!3m3!1m2!1s0x47852ded5a0328f1%3A0x86cc93cc1e7eac66!2sMotrain%20AG!5e1!3m2!1sde!2sch!4v1772478499921!5m2!1sde!2sch\" width=\"600\" height=\"450\" style=\"border:0;\" allowfullscreen=\"\" loading=\"lazy\" referrerpolicy=\"no-referrer-when-downgrade\"><\/iframe>\n\n\n\n<h3 class=\"wp-block-heading\">Parkpl\u00e4tze<\/h3>\n\n\n\n<p>Parkpl\u00e4tze sind unmittelbar neben der Halle vorhanden und beschildert. Es hat gen\u00fcgend Platz so das auch ein Kleinbus parkiert werden kann.<\/p>\n\n\n\n<h3 class=\"wp-block-heading\">Anreise mit \u00d6V<\/h3>\n\n\n\n<p>Die Halle befindet sich in wenigen Minuten Gehdistanz vom Bahnhof Ennenda welcher zu Tageszeiten im 30 Minuten Takt erschlossen ist. Da die Skier nicht mitgenommen werden m\u00fcssen, kann die Anreise somit bequem mit dem Zug unternommen werden.<\/p>\n<\/div><\/div>\n<\/div><\/div>\n<\/div><\/section>\n","protected":false},"excerpt":{"rendered":"<p>Standort &#8211; zentral gelegen. Optimal erreichbar. Leistungsorientiert konzipiert. Mitten in Ennenda (Glarus) entsteht mit Motrain ein einzigartiger Trainingsstandort f\u00fcr den Schneesport in der Deutschschweiz. Die Lage ist bewusst gew\u00e4hlt: zentral zwischen Z\u00fcrichsee, Z\u00fcrcher Oberland, Schwyz, Graub\u00fcnden und Toggenburg. Dadurch ist die Anlage f\u00fcr zahlreiche Skiclubs, Leistungszentren und ambitionierte Athletinnen und Athleten aus mehreren Regionen schnell [&hellip;]<\/p>\n","protected":false},"author":1,"featured_media":0,"parent":0,"menu_order":0,"comment_status":"closed","ping_status":"closed","template":"","meta":{"footnotes":""},"class_list":["post-101","page","type-page","status-publish","hentry"],"_links":{"self":[{"href":"https:\/\/www.motrain.ch\/index.php?rest_route=\/wp\/v2\/pages\/101","targetHints":{"allow":["GET"]}}],"collection":[{"href":"https:\/\/www.motrain.ch\/index.php?rest_route=\/wp\/v2\/pages"}],"about":[{"href":"https:\/\/www.motrain.ch\/index.php?rest_route=\/wp\/v2\/types\/page"}],"author":[{"embeddable":true,"href":"https:\/\/www.motrain.ch\/index.php?rest_route=\/wp\/v2\/users\/1"}],"replies":[{"embeddable":true,"href":"https:\/\/www.motrain.ch\/index.php?rest_route=%2Fwp%2Fv2%2Fcomments&post=101"}],"version-history":[{"count":11,"href":"https:\/\/www.motrain.ch\/index.php?rest_route=\/wp\/v2\/pages\/101\/revisions"}],"predecessor-version":[{"id":121,"href":"https:\/\/www.motrain.ch\/index.php?rest_route=\/wp\/v2\/pages\/101\/revisions\/121"}],"wp:attachment":[{"href":"https:\/\/www.motrain.ch\/index.php?rest_route=%2Fwp%2Fv2%2Fmedia&parent=101"}],"curies":[{"name":"wp","href":"https:\/\/api.w.org\/{rel}","templated":true}]}}